{"id":161,"date":"2025-05-15T12:18:37","date_gmt":"2025-05-15T15:18:37","guid":{"rendered":"https:\/\/clinpassos.com\/agende-sua-consulta\/?page_id=161"},"modified":"2025-10-27T15:58:40","modified_gmt":"2025-10-27T18:58:40","slug":"tratamento-coluna-brasilia","status":"publish","type":"page","link":"https:\/\/clinpassos.com\/agende-sua-consulta\/tratamento-coluna-brasilia\/","title":{"rendered":"Tratamento para Dor Lombar em Bras\u00edlia | Cl\u00ednica Passos"},"content":{"rendered":"\n<div style=\"height:40px\" aria-hidden=\"true\" class=\"wp-block-spacer\"><\/div>\n\n\n\n<div class=\"wp-block-cover alignfull is-light has-parallax is-repeated\" style=\"padding-top:0;padding-bottom:0;min-height:100vh;aspect-ratio:unset;\"><div role=\"img\" aria-label=\"coluna e dor lombar\" class=\"wp-block-cover__image-background wp-image-163 size-full has-parallax is-repeated\" style=\"background-position:42% 66%;background-image:url(https:\/\/clinpassos.com\/wp-content\/uploads\/2025\/05\/20250515_1201_Back-Pain-Relief_simple_compose_01jva7b9mves6bksg4c76vwr4q.png)\"><\/div><span aria-hidden=\"true\" class=\"wp-block-cover__background has-background-dim-60 has-background-dim\" style=\"background-color:#babdc3\"><\/span><div class=\"wp-block-cover__inner-container is-layout-flow wp-block-cover-is-layout-flow\">\n<h1 class=\"wp-block-heading has-text-align-left\">Dor nas costas? Voc\u00ea n\u00e3o est\u00e1 sozinho.<\/h1>\n\n\n\n<div style=\"height:100px\" aria-hidden=\"true\" class=\"wp-block-spacer\"><\/div>\n\n\n\n<div>\n  <a href=\"#\"\n     class=\"popmake-155\"\n     style=\"background-color: #B25B0E; color: white; padding: 15px 30px; border-radius: 6px; text-decoration: none; font-weight: bold; display: inline-block; font-size: 20px;\">\n    AGENDAR CONSULTA\n  <\/a>\n<\/div>\n\n\n\n<div style=\"height:100px\" aria-hidden=\"true\" class=\"wp-block-spacer\"><\/div>\n\n\n\n<div class=\"wp-block-columns is-layout-flex wp-container-core-columns-is-layout-9d6595d7 wp-block-columns-is-layout-flex\">\n<div class=\"wp-block-column is-layout-flow wp-block-column-is-layout-flow\" style=\"flex-basis:100%\">\n<blockquote class=\"wp-block-quote has-text-align-left is-layout-flow wp-block-quote-is-layout-flow\">\n<h3 class=\"wp-block-heading has-text-align-left\">Tratamento especializado para coluna e dor lombar em Bras\u00edlia<\/h3>\n<\/blockquote>\n<\/div>\n<\/div>\n<\/div><\/div>\n\n\n\n<div class=\"wp-block-cover alignfull\"><span aria-hidden=\"true\" class=\"wp-block-cover__background has-nv-c-2-background-color has-background-dim-100 has-background-dim\"><\/span><div class=\"wp-block-cover__inner-container is-layout-constrained wp-block-cover-is-layout-constrained\">\n<div class=\"wp-block-group\"><div class=\"wp-block-group__inner-container is-layout-constrained wp-block-group-is-layout-constrained\">\n<div style=\"height:100px\" aria-hidden=\"true\" class=\"wp-block-spacer\"><\/div>\n\n\n\n<h2 class=\"wp-block-heading\">Consulta para Dor Lombar em Bras\u00edlia<\/h2>\n\n\n\n<p><br>Sentir dor lombar com frequ\u00eancia pode afetar toda sua rotina. Aqui na Cl\u00ednica Passos, oferecemos consulta com fisiatra em Bras\u00edlia para avalia\u00e7\u00e3o precisa, sem necessidade imediata de cirurgia.<\/p>\n\n\n\n<p>Nosso foco \u00e9 encontrar a causa real da dor, entender seus h\u00e1bitos e propor um plano funcional de reabilita\u00e7\u00e3o.<\/p>\n\n\n\n<p>\u2705 Avalia\u00e7\u00e3o funcional detalhada<br>\u2705 Tratamento personalizado sem medicamentos desnecess\u00e1rios<br>\u2705 Foco em retomada da mobilidade e bem-estar<\/p>\n\n\n\n<div class=\"wp-block-columns is-layout-flex wp-container-core-columns-is-layout-9d6595d7 wp-block-columns-is-layout-flex\">\n<div class=\"wp-block-column neve-duotone is-layout-flow wp-block-column-is-layout-flow\" style=\"padding-right:var(--wp--preset--spacing--30);padding-left:var(--wp--preset--spacing--30)\"><div class=\"wp-block-image icon-style is-style-default wp-duotone-unset-1\">\n<figure class=\"aligncenter size-full is-resized has-custom-border\"><img loading=\"lazy\" decoding=\"async\" width=\"320\" height=\"320\" src=\"https:\/\/clinpassos.com\/wp-content\/uploads\/2024\/07\/2-1.png\" alt=\"Tratamento para Dor Lombar em Bras\u00edlia | Cl\u00ednica Passos\" class=\"wp-image-68\" style=\"border-radius:0px;width:278px;height:auto\" title=\"\" srcset=\"https:\/\/clinpassos.com\/wp-content\/uploads\/2024\/07\/2-1.png 320w, https:\/\/clinpassos.com\/wp-content\/uploads\/2024\/07\/2-1-300x300.png 300w, https:\/\/clinpassos.com\/wp-content\/uploads\/2024\/07\/2-1-150x150.png 150w\" sizes=\"auto, (max-width: 320px) 100vw, 320px\" \/><\/figure>\n<\/div>\n\n\n<div style=\"height:16px\" aria-hidden=\"true\" class=\"wp-block-spacer\"><\/div>\n\n\n\n<h3 class=\"wp-block-heading has-text-align-center has-neve-text-color-color has-text-color\">Dor Cr\u00f4nica<\/h3>\n\n\n\n<p class=\"has-text-align-center\">Al\u00edvio da dor atrav\u00e9s de tratamentos personalizados, t\u00e9cnicas de infiltra\u00e7\u00e3o e manejo da dor.<\/p>\n\n\n\n<div style=\"height:20px\" aria-hidden=\"true\" class=\"wp-block-spacer\"><\/div>\n<\/div>\n\n\n\n<div class=\"wp-block-column is-layout-flow wp-block-column-is-layout-flow\" style=\"padding-right:var(--wp--preset--spacing--30);padding-left:var(--wp--preset--spacing--30)\"><div class=\"wp-block-image icon-style is-style-default\">\n<figure class=\"aligncenter size-full has-custom-border\"><img loading=\"lazy\" decoding=\"async\" width=\"320\" height=\"320\" src=\"https:\/\/clinpassos.com\/wp-content\/uploads\/2024\/07\/3.png\" alt=\"Tratamento para Dor Lombar em Bras\u00edlia | Cl\u00ednica Passos\" class=\"wp-image-73\" style=\"border-radius:0px\" title=\"\" srcset=\"https:\/\/clinpassos.com\/wp-content\/uploads\/2024\/07\/3.png 320w, https:\/\/clinpassos.com\/wp-content\/uploads\/2024\/07\/3-300x300.png 300w, https:\/\/clinpassos.com\/wp-content\/uploads\/2024\/07\/3-150x150.png 150w\" sizes=\"auto, (max-width: 320px) 100vw, 320px\" \/><\/figure>\n<\/div>\n\n\n<div style=\"height:16px\" aria-hidden=\"true\" class=\"wp-block-spacer\"><\/div>\n\n\n\n<h3 class=\"wp-block-heading has-text-align-center has-neve-text-color-color has-text-color\">Dores Lombares e Cervicais<\/h3>\n\n\n\n<p class=\"has-text-align-center\">Tratamento para Dor Lombar em Bras\u00edlia<\/p>\n\n\n\n<div style=\"height:20px\" aria-hidden=\"true\" class=\"wp-block-spacer\"><\/div>\n<\/div>\n\n\n\n<div class=\"wp-block-column is-layout-flow wp-block-column-is-layout-flow\" style=\"padding-right:var(--wp--preset--spacing--30);padding-left:var(--wp--preset--spacing--30)\"><div class=\"wp-block-image icon-style is-style-default wp-duotone-unset-2\">\n<figure class=\"aligncenter size-full has-custom-border\"><img loading=\"lazy\" decoding=\"async\" width=\"320\" height=\"320\" src=\"https:\/\/clinpassos.com\/wp-content\/uploads\/2024\/07\/5-2.png\" alt=\"Tratamento para Dor Lombar em Bras\u00edlia | Cl\u00ednica Passos\" class=\"wp-image-70\" style=\"border-radius:0px\" title=\"\" srcset=\"https:\/\/clinpassos.com\/wp-content\/uploads\/2024\/07\/5-2.png 320w, https:\/\/clinpassos.com\/wp-content\/uploads\/2024\/07\/5-2-300x300.png 300w, https:\/\/clinpassos.com\/wp-content\/uploads\/2024\/07\/5-2-150x150.png 150w\" sizes=\"auto, (max-width: 320px) 100vw, 320px\" \/><\/figure>\n<\/div>\n\n\n<div style=\"height:16px\" aria-hidden=\"true\" class=\"wp-block-spacer\"><\/div>\n\n\n\n<h3 class=\"wp-block-heading has-text-align-center has-neve-text-color-color has-text-color\">H\u00e9rnias e artroses<\/h3>\n\n\n\n<p class=\"has-text-align-center\">Reduza necessidade de cirurgias com reabilita\u00e7\u00e3o.<\/p>\n\n\n\n<div style=\"height:20px\" aria-hidden=\"true\" class=\"wp-block-spacer\"><\/div>\n<\/div>\n<\/div>\n\n\n\n<p class=\"has-text-align-center has-large-font-size\"><\/p>\n<\/div><\/div>\n<\/div><\/div>\n\n\n\n<div class=\"wp-block-cover alignfull\" style=\"min-height:600px;aspect-ratio:unset;\"><span aria-hidden=\"true\" class=\"wp-block-cover__background has-nv-light-bg-background-color has-background-dim-80 has-background-dim\"><\/span><div class=\"wp-block-cover__inner-container is-layout-flow wp-block-cover-is-layout-flow\">\n<div class=\"wp-block-group\"><div class=\"wp-block-group__inner-container is-layout-flow wp-block-group-is-layout-flow\">\n<div class=\"wp-block-columns is-layout-flex wp-container-core-columns-is-layout-9d6595d7 wp-block-columns-is-layout-flex\">\n<div class=\"wp-block-column is-layout-flow wp-block-column-is-layout-flow\" style=\"padding-right:0;padding-left:0;flex-basis:20%\">\n<div class=\"wp-block-group is-vertical is-content-justification-center is-layout-flex wp-container-core-group-is-layout-4b2eccd6 wp-block-group-is-layout-flex\"><\/div>\n<\/div>\n\n\n\n<div class=\"wp-block-column is-layout-flow wp-block-column-is-layout-flow\" style=\"flex-basis:60%\">\n<div class=\"wp-block-group is-vertical is-content-justification-center is-layout-flex wp-container-core-group-is-layout-4b2eccd6 wp-block-group-is-layout-flex\">\n<h2 class=\"wp-block-heading has-text-align-center has-neve-text-color-color has-text-color has-link-color wp-elements-7e7088d703fc2e6edb687121ffc31224\">Agende uma Consulta<\/h2>\n\n\n\n<p><\/p>\n\n\n\n<div>\n  <a href=\"https:\/\/api.whatsapp.com\/send\/?phone=5561993968&amp;text&amp;type=phone_number&amp;app_absent=0\"\n     onclick=\"gtag_report_conversion('https:\/\/api.whatsapp.com\/send\/?phone=5561993968&amp;text&amp;type=phone_number&amp;app_absent=0');\"\n     style=\"background-color: #B25B0E; color: white; padding: 15px 30px; border-radius: 6px; text-decoration: none; font-weight: bold; display: inline-block; font-size: 20px;\">\n    AGENDAR CONSULTA\n  <\/a>\n<\/div>\n\n\n\n<p><\/p>\n\n\n\n<p class=\"has-text-align-center has-neve-text-color-color has-text-color has-link-color wp-elements-dbe4ad27359d71ca7115b5dd1e1c6b42\">A Cl\u00ednica Passos de Neurorreabilita\u00e7\u00e3o est\u00e1 pronta para ajudar voc\u00ea a viver sem dor e com mais mobilidade. Entre em contato conosco e marque sua consulta hoje mesmo!<\/p>\n\n\n\n<div style=\"height:0px\" aria-hidden=\"true\" class=\"wp-block-spacer wp-container-content-541a6b20\"><\/div>\n<\/div>\n<\/div>\n\n\n\n<div class=\"wp-block-column is-layout-flow wp-block-column-is-layout-flow\" style=\"flex-basis:20%\">\n<div class=\"wp-block-group is-vertical is-content-justification-center is-layout-flex wp-container-core-group-is-layout-4b2eccd6 wp-block-group-is-layout-flex\"><\/div>\n<\/div>\n<\/div>\n<\/div><\/div>\n<\/div><\/div>\n\n\n\n<div class=\"wp-block-cover alignfull is-light has-parallax\" style=\"min-height:700px;aspect-ratio:unset;\"><div role=\"img\" aria-label=\"Fotos cl\u00ednica\" class=\"wp-block-cover__image-background wp-image-93 size-large has-parallax\" style=\"background-position:57% 23%;background-image:url(http:\/\/clinpassos.com\/wp-content\/uploads\/2024\/07\/Clinica-31-683x1024.jpg)\"><\/div><span aria-hidden=\"true\" class=\"wp-block-cover__background has-background-dim-60 has-background-dim\" style=\"background-color:#babdc3\"><\/span><div class=\"wp-block-cover__inner-container is-layout-flow wp-block-cover-is-layout-flow\">\n<div style=\"height:100px\" aria-hidden=\"true\" class=\"wp-block-spacer\"><\/div>\n\n\n\n<h1 class=\"wp-block-heading has-text-align-left\"><a href=\"https:\/\/clinpassos.com\/agende-sua-consulta\/fisiatria\/\">Sobre Dr Daniel Figueir\u00eado<\/a><\/h1>\n\n\n\n<div>\n  <a href=\"#\"\n     class=\"popmake-155\"\n     style=\"background-color: #B25B0E; color: white; padding: 15px 30px; border-radius: 6px; text-decoration: none; font-weight: bold; display: inline-block; font-size: 20px;\">\n    AGENDAR CONSULTA\n  <\/a>\n<\/div>\n\n\n\n<div class=\"wp-block-columns is-layout-flex wp-container-core-columns-is-layout-9d6595d7 wp-block-columns-is-layout-flex\">\n<div class=\"wp-block-column is-layout-flow wp-block-column-is-layout-flow\" style=\"flex-basis:100%\">\n<blockquote class=\"wp-block-quote has-text-align-left is-layout-flow wp-block-quote-is-layout-flow\">\n<h3 class=\"wp-block-heading has-text-align-left\">Formado pela Universidade de Bras\u00edlia<\/h3>\n\n\n\n<p>Resid\u00eancia pela de Medicina F\u00edsica e Reabilita\u00e7\u00e3o (FIsiatria) pela ESC DF \/ Hospital de Apoio<\/p>\n\n\n\n<p>Trabalhou em centros de Excel\u00eancia como Rede Sarah DF e Hospital de Apoio DF<\/p>\n\n\n\n<p>Especialista em Reabilita\u00e7\u00e3o para Tratamento de Dor Lombar em Bras\u00edlia | Cl\u00ednica Passos<\/p>\n<\/blockquote>\n<\/div>\n<\/div>\n<\/div><\/div>\n\n\n\n<iframe src=\"https:\/\/www.google.com\/maps\/embed?pb=!1m18!1m12!1m3!1d122831.60127209306!2d-48.064181169114626!3d-15.830952932693393!2m3!1f0!2f0!3f0!3m2!1i1024!2i768!4f13.1!3m3!1m2!1s0x935a31365dd1fc15%3A0x259e4a55816ae17e!2sUNA%20Especialidades%20-%20Cl%C3%ADnica%20Est%C3%A9tica%2C%20Odontol%C3%B3gica%20e%20da%20Sa%C3%BAde%20da%20Mulher%20em%20Bras%C3%ADlia!5e0!3m2!1spt-BR!2sbr!4v1761591295189!5m2!1spt-BR!2sbr\" width=\"600\" height=\"450\" style=\"border:0;\" allowfullscreen=\"\" loading=\"lazy\" referrerpolicy=\"no-referrer-when-downgrade\"><\/iframe>\n","protected":false},"excerpt":{"rendered":"","protected":false},"author":1,"featured_media":163,"parent":0,"menu_order":0,"comment_status":"closed","ping_status":"closed","template":"","meta":{"neve_meta_sidebar":"","neve_meta_container":"","neve_meta_enable_content_width":"on","neve_meta_content_width":100,"neve_meta_title_alignment":"","neve_meta_author_avatar":"","neve_post_elements_order":"","neve_meta_disable_header":"","neve_meta_disable_footer":"","neve_meta_disable_title":"on","_joinchat":[],"footnotes":""},"class_list":["post-161","page","type-page","status-publish","has-post-thumbnail","hentry"],"yoast_head":"<!-- This site is optimized with the Yoast SEO plugin v23.0 - https:\/\/yoast.com\/wordpress\/plugins\/seo\/ -->\n<title>Tratamento para Dor Lombar em Bras\u00edlia | Cl\u00ednica Passos<\/title>\n<meta name=\"description\" content=\"Sofrendo com dor lombar? A Cl\u00ednica Passos oferece tratamentos personalizados em Bras\u00edlia para al\u00edvio e reabilita\u00e7\u00e3o da sua coluna.\" \/>\n<meta name=\"robots\" content=\"index, follow, max-snippet:-1, max-image-preview:large, max-video-preview:-1\" \/>\n<link rel=\"canonical\" href=\"https:\/\/clinpassos.com\/agende-sua-consulta\/tratamento-coluna-brasilia\/\" \/>\n<meta property=\"og:locale\" content=\"pt_BR\" \/>\n<meta property=\"og:type\" content=\"article\" \/>\n<meta property=\"og:title\" content=\"Tratamento para Dor Lombar em Bras\u00edlia | Cl\u00ednica Passos\" \/>\n<meta property=\"og:description\" content=\"Sofrendo com dor lombar? A Cl\u00ednica Passos oferece tratamentos personalizados em Bras\u00edlia para al\u00edvio e reabilita\u00e7\u00e3o da sua coluna.\" \/>\n<meta property=\"og:url\" content=\"https:\/\/clinpassos.com\/agende-sua-consulta\/tratamento-coluna-brasilia\/\" \/>\n<meta property=\"og:site_name\" content=\"Cl\u00ednica Passos\" \/>\n<meta property=\"article:modified_time\" content=\"2025-10-27T18:58:40+00:00\" \/>\n<meta property=\"og:image\" content=\"https:\/\/clinpassos.com\/wp-content\/uploads\/2025\/05\/20250515_1201_Back-Pain-Relief_simple_compose_01jva7b9mves6bksg4c76vwr4q-1024x683.png\" \/>\n\t<meta property=\"og:image:width\" content=\"1024\" \/>\n\t<meta property=\"og:image:height\" content=\"683\" \/>\n\t<meta property=\"og:image:type\" content=\"image\/png\" \/>\n<meta name=\"twitter:card\" content=\"summary_large_image\" \/>\n<meta name=\"twitter:label1\" content=\"Est. tempo de leitura\" \/>\n\t<meta name=\"twitter:data1\" content=\"2 minutos\" \/>\n<!-- \/ Yoast SEO plugin. -->","yoast_head_json":{"title":"Tratamento para Dor Lombar em Bras\u00edlia | Cl\u00ednica Passos","description":"Sofrendo com dor lombar? A Cl\u00ednica Passos oferece tratamentos personalizados em Bras\u00edlia para al\u00edvio e reabilita\u00e7\u00e3o da sua coluna.","robots":{"index":"index","follow":"follow","max-snippet":"max-snippet:-1","max-image-preview":"max-image-preview:large","max-video-preview":"max-video-preview:-1"},"canonical":"https:\/\/clinpassos.com\/agende-sua-consulta\/tratamento-coluna-brasilia\/","og_locale":"pt_BR","og_type":"article","og_title":"Tratamento para Dor Lombar em Bras\u00edlia | Cl\u00ednica Passos","og_description":"Sofrendo com dor lombar? A Cl\u00ednica Passos oferece tratamentos personalizados em Bras\u00edlia para al\u00edvio e reabilita\u00e7\u00e3o da sua coluna.","og_url":"https:\/\/clinpassos.com\/agende-sua-consulta\/tratamento-coluna-brasilia\/","og_site_name":"Cl\u00ednica Passos","article_modified_time":"2025-10-27T18:58:40+00:00","og_image":[{"width":1024,"height":683,"url":"https:\/\/clinpassos.com\/wp-content\/uploads\/2025\/05\/20250515_1201_Back-Pain-Relief_simple_compose_01jva7b9mves6bksg4c76vwr4q-1024x683.png","type":"image\/png"}],"twitter_card":"summary_large_image","twitter_misc":{"Est. tempo de leitura":"2 minutos"},"schema":{"@context":"https:\/\/schema.org","@graph":[{"@type":"WebPage","@id":"https:\/\/clinpassos.com\/agende-sua-consulta\/tratamento-coluna-brasilia\/","url":"https:\/\/clinpassos.com\/agende-sua-consulta\/tratamento-coluna-brasilia\/","name":"Tratamento para Dor Lombar em Bras\u00edlia | Cl\u00ednica Passos","isPartOf":{"@id":"http:\/\/clinpassos.com\/agende-sua-consulta\/#website"},"primaryImageOfPage":{"@id":"https:\/\/clinpassos.com\/agende-sua-consulta\/tratamento-coluna-brasilia\/#primaryimage"},"image":{"@id":"https:\/\/clinpassos.com\/agende-sua-consulta\/tratamento-coluna-brasilia\/#primaryimage"},"thumbnailUrl":"https:\/\/clinpassos.com\/wp-content\/uploads\/2025\/05\/20250515_1201_Back-Pain-Relief_simple_compose_01jva7b9mves6bksg4c76vwr4q.png","datePublished":"2025-05-15T15:18:37+00:00","dateModified":"2025-10-27T18:58:40+00:00","description":"Sofrendo com dor lombar? A Cl\u00ednica Passos oferece tratamentos personalizados em Bras\u00edlia para al\u00edvio e reabilita\u00e7\u00e3o da sua coluna.","breadcrumb":{"@id":"https:\/\/clinpassos.com\/agende-sua-consulta\/tratamento-coluna-brasilia\/#breadcrumb"},"inLanguage":"pt-BR","potentialAction":[{"@type":"ReadAction","target":["https:\/\/clinpassos.com\/agende-sua-consulta\/tratamento-coluna-brasilia\/"]}]},{"@type":"ImageObject","inLanguage":"pt-BR","@id":"https:\/\/clinpassos.com\/agende-sua-consulta\/tratamento-coluna-brasilia\/#primaryimage","url":"https:\/\/clinpassos.com\/wp-content\/uploads\/2025\/05\/20250515_1201_Back-Pain-Relief_simple_compose_01jva7b9mves6bksg4c76vwr4q.png","contentUrl":"https:\/\/clinpassos.com\/wp-content\/uploads\/2025\/05\/20250515_1201_Back-Pain-Relief_simple_compose_01jva7b9mves6bksg4c76vwr4q.png","width":1536,"height":1024,"caption":"coluna e dor lombar"},{"@type":"BreadcrumbList","@id":"https:\/\/clinpassos.com\/agende-sua-consulta\/tratamento-coluna-brasilia\/#breadcrumb","itemListElement":[{"@type":"ListItem","position":1,"name":"In\u00edcio","item":"http:\/\/clinpassos.com\/agende-sua-consulta\/"},{"@type":"ListItem","position":2,"name":"Tratamento para Dor Lombar em Bras\u00edlia | Cl\u00ednica Passos"}]},{"@type":"WebSite","@id":"http:\/\/clinpassos.com\/agende-sua-consulta\/#website","url":"http:\/\/clinpassos.com\/agende-sua-consulta\/","name":"Cl\u00ednica Passos","description":"Agende sua consulta com um Fisiatra","publisher":{"@id":"http:\/\/clinpassos.com\/agende-sua-consulta\/#organization"},"potentialAction":[{"@type":"SearchAction","target":{"@type":"EntryPoint","urlTemplate":"http:\/\/clinpassos.com\/agende-sua-consulta\/?s={search_term_string}"},"query-input":"required name=search_term_string"}],"inLanguage":"pt-BR"},{"@type":"Organization","@id":"http:\/\/clinpassos.com\/agende-sua-consulta\/#organization","name":"Cl\u00ednica Passos","url":"http:\/\/clinpassos.com\/agende-sua-consulta\/","logo":{"@type":"ImageObject","inLanguage":"pt-BR","@id":"http:\/\/clinpassos.com\/agende-sua-consulta\/#\/schema\/logo\/image\/","url":"https:\/\/clinpassos.com\/wp-content\/uploads\/2024\/07\/logo-agency-3.png","contentUrl":"https:\/\/clinpassos.com\/wp-content\/uploads\/2024\/07\/logo-agency-3.png","width":200,"height":200,"caption":"Cl\u00ednica Passos"},"image":{"@id":"http:\/\/clinpassos.com\/agende-sua-consulta\/#\/schema\/logo\/image\/"}}]}},"_links":{"self":[{"href":"https:\/\/clinpassos.com\/agende-sua-consulta\/wp-json\/wp\/v2\/pages\/161","targetHints":{"allow":["GET"]}}],"collection":[{"href":"https:\/\/clinpassos.com\/agende-sua-consulta\/wp-json\/wp\/v2\/pages"}],"about":[{"href":"https:\/\/clinpassos.com\/agende-sua-consulta\/wp-json\/wp\/v2\/types\/page"}],"author":[{"embeddable":true,"href":"https:\/\/clinpassos.com\/agende-sua-consulta\/wp-json\/wp\/v2\/users\/1"}],"replies":[{"embeddable":true,"href":"https:\/\/clinpassos.com\/agende-sua-consulta\/wp-json\/wp\/v2\/comments?post=161"}],"version-history":[{"count":21,"href":"https:\/\/clinpassos.com\/agende-sua-consulta\/wp-json\/wp\/v2\/pages\/161\/revisions"}],"predecessor-version":[{"id":363,"href":"https:\/\/clinpassos.com\/agende-sua-consulta\/wp-json\/wp\/v2\/pages\/161\/revisions\/363"}],"wp:featuredmedia":[{"embeddable":true,"href":"https:\/\/clinpassos.com\/agende-sua-consulta\/wp-json\/wp\/v2\/media\/163"}],"wp:attachment":[{"href":"https:\/\/clinpassos.com\/agende-sua-consulta\/wp-json\/wp\/v2\/media?parent=161"}],"curies":[{"name":"wp","href":"https:\/\/api.w.org\/{rel}","templated":true}]}}