{"id":107,"date":"2024-11-28T14:57:06","date_gmt":"2024-11-28T17:57:06","guid":{"rendered":"https:\/\/clinpassos.com\/agende-sua-consulta\/?page_id=107"},"modified":"2024-11-28T14:57:07","modified_gmt":"2024-11-28T17:57:07","slug":"cotacoes-de-cirurgias","status":"publish","type":"page","link":"https:\/\/clinpassos.com\/agende-sua-consulta\/cotacoes-de-cirurgias\/","title":{"rendered":"Cota\u00e7\u00f5es de cirurgias"},"content":{"rendered":"\n<div class=\"wp-block-buttons is-layout-flex wp-block-buttons-is-layout-flex\">\n<div class=\"wp-block-button\"><a class=\"wp-block-button__link wp-element-button\" href=\"https:\/\/api.whatsapp.com\/send\/?phone=5561999495340&amp;text=Ol%C3%A1%2C%20gostaria%20de%20solicitar%20uma%20cota%C3%A7%C3%A3o%20de%20servi%C3%A7os%20de%20monitoriza%C3%A7%C3%A3o%20intraoperat%C3%B3ria%20com%20a%20Cl%C3%ADnica%20Passos.%20Poderia%20fornecer%20mais%20informa%C3%A7%C3%B5es%20sobre%20o%20processo%3F&amp;type=phone_number&amp;app_absent=0\">Nova cota\u00e7\u00e3o<\/a><\/div>\n<\/div>\n\n\n\n<p><\/p>\n","protected":false},"excerpt":{"rendered":"","protected":false},"author":1,"featured_media":0,"parent":0,"menu_order":0,"comment_status":"closed","ping_status":"closed","template":"","meta":{"neve_meta_sidebar":"","neve_meta_container":"","neve_meta_enable_content_width":"","neve_meta_content_width":0,"neve_meta_title_alignment":"","neve_meta_author_avatar":"","neve_post_elements_order":"","neve_meta_disable_header":"","neve_meta_disable_footer":"","neve_meta_disable_title":"","_joinchat":[],"footnotes":""},"class_list":["post-107","page","type-page","status-publish","hentry"],"yoast_head":"<!-- This site is optimized with the Yoast SEO plugin v23.0 - https:\/\/yoast.com\/wordpress\/plugins\/seo\/ -->\n<title>Cota\u00e7\u00f5es de cirurgias - Cl\u00ednica Passos<\/title>\n<meta name=\"robots\" content=\"index, follow, max-snippet:-1, max-image-preview:large, max-video-preview:-1\" \/>\n<link rel=\"canonical\" href=\"https:\/\/clinpassos.com\/agende-sua-consulta\/cotacoes-de-cirurgias\/\" \/>\n<meta property=\"og:locale\" content=\"pt_BR\" \/>\n<meta property=\"og:type\" content=\"article\" \/>\n<meta property=\"og:title\" content=\"Cota\u00e7\u00f5es de cirurgias - Cl\u00ednica Passos\" \/>\n<meta property=\"og:url\" content=\"https:\/\/clinpassos.com\/agende-sua-consulta\/cotacoes-de-cirurgias\/\" \/>\n<meta property=\"og:site_name\" content=\"Cl\u00ednica Passos\" \/>\n<meta property=\"article:modified_time\" content=\"2024-11-28T17:57:07+00:00\" \/>\n<meta name=\"twitter:card\" content=\"summary_large_image\" \/>\n<!-- \/ Yoast SEO plugin. -->","yoast_head_json":{"title":"Cota\u00e7\u00f5es de cirurgias - Cl\u00ednica Passos","robots":{"index":"index","follow":"follow","max-snippet":"max-snippet:-1","max-image-preview":"max-image-preview:large","max-video-preview":"max-video-preview:-1"},"canonical":"https:\/\/clinpassos.com\/agende-sua-consulta\/cotacoes-de-cirurgias\/","og_locale":"pt_BR","og_type":"article","og_title":"Cota\u00e7\u00f5es de cirurgias - Cl\u00ednica Passos","og_url":"https:\/\/clinpassos.com\/agende-sua-consulta\/cotacoes-de-cirurgias\/","og_site_name":"Cl\u00ednica Passos","article_modified_time":"2024-11-28T17:57:07+00:00","twitter_card":"summary_large_image","schema":{"@context":"https:\/\/schema.org","@graph":[{"@type":"WebPage","@id":"https:\/\/clinpassos.com\/agende-sua-consulta\/cotacoes-de-cirurgias\/","url":"https:\/\/clinpassos.com\/agende-sua-consulta\/cotacoes-de-cirurgias\/","name":"Cota\u00e7\u00f5es de cirurgias - Cl\u00ednica Passos","isPartOf":{"@id":"http:\/\/clinpassos.com\/agende-sua-consulta\/#website"},"datePublished":"2024-11-28T17:57:06+00:00","dateModified":"2024-11-28T17:57:07+00:00","breadcrumb":{"@id":"https:\/\/clinpassos.com\/agende-sua-consulta\/cotacoes-de-cirurgias\/#breadcrumb"},"inLanguage":"pt-BR","potentialAction":[{"@type":"ReadAction","target":["https:\/\/clinpassos.com\/agende-sua-consulta\/cotacoes-de-cirurgias\/"]}]},{"@type":"BreadcrumbList","@id":"https:\/\/clinpassos.com\/agende-sua-consulta\/cotacoes-de-cirurgias\/#breadcrumb","itemListElement":[{"@type":"ListItem","position":1,"name":"In\u00edcio","item":"http:\/\/clinpassos.com\/agende-sua-consulta\/"},{"@type":"ListItem","position":2,"name":"Cota\u00e7\u00f5es de cirurgias"}]},{"@type":"WebSite","@id":"http:\/\/clinpassos.com\/agende-sua-consulta\/#website","url":"http:\/\/clinpassos.com\/agende-sua-consulta\/","name":"Cl\u00ednica Passos","description":"Agende sua consulta com um Fisiatra","publisher":{"@id":"http:\/\/clinpassos.com\/agende-sua-consulta\/#organization"},"potentialAction":[{"@type":"SearchAction","target":{"@type":"EntryPoint","urlTemplate":"http:\/\/clinpassos.com\/agende-sua-consulta\/?s={search_term_string}"},"query-input":"required name=search_term_string"}],"inLanguage":"pt-BR"},{"@type":"Organization","@id":"http:\/\/clinpassos.com\/agende-sua-consulta\/#organization","name":"Cl\u00ednica Passos","url":"http:\/\/clinpassos.com\/agende-sua-consulta\/","logo":{"@type":"ImageObject","inLanguage":"pt-BR","@id":"http:\/\/clinpassos.com\/agende-sua-consulta\/#\/schema\/logo\/image\/","url":"https:\/\/clinpassos.com\/wp-content\/uploads\/2024\/07\/logo-agency-3.png","contentUrl":"https:\/\/clinpassos.com\/wp-content\/uploads\/2024\/07\/logo-agency-3.png","width":200,"height":200,"caption":"Cl\u00ednica Passos"},"image":{"@id":"http:\/\/clinpassos.com\/agende-sua-consulta\/#\/schema\/logo\/image\/"}}]}},"_links":{"self":[{"href":"https:\/\/clinpassos.com\/agende-sua-consulta\/wp-json\/wp\/v2\/pages\/107","targetHints":{"allow":["GET"]}}],"collection":[{"href":"https:\/\/clinpassos.com\/agende-sua-consulta\/wp-json\/wp\/v2\/pages"}],"about":[{"href":"https:\/\/clinpassos.com\/agende-sua-consulta\/wp-json\/wp\/v2\/types\/page"}],"author":[{"embeddable":true,"href":"https:\/\/clinpassos.com\/agende-sua-consulta\/wp-json\/wp\/v2\/users\/1"}],"replies":[{"embeddable":true,"href":"https:\/\/clinpassos.com\/agende-sua-consulta\/wp-json\/wp\/v2\/comments?post=107"}],"version-history":[{"count":1,"href":"https:\/\/clinpassos.com\/agende-sua-consulta\/wp-json\/wp\/v2\/pages\/107\/revisions"}],"predecessor-version":[{"id":108,"href":"https:\/\/clinpassos.com\/agende-sua-consulta\/wp-json\/wp\/v2\/pages\/107\/revisions\/108"}],"wp:attachment":[{"href":"https:\/\/clinpassos.com\/agende-sua-consulta\/wp-json\/wp\/v2\/media?parent=107"}],"curies":[{"name":"wp","href":"https:\/\/api.w.org\/{rel}","templated":true}]}}