{"id":103,"date":"2024-11-28T14:51:21","date_gmt":"2024-11-28T17:51:21","guid":{"rendered":"https:\/\/clinpassos.com\/agende-sua-consulta\/?page_id=103"},"modified":"2025-05-30T16:55:00","modified_gmt":"2025-05-30T19:55:00","slug":"fisiatria","status":"publish","type":"page","link":"http:\/\/clinpassos.com\/agende-sua-consulta\/fisiatria\/","title":{"rendered":"Fisiatria"},"content":{"rendered":"\n<div class=\"wp-block-buttons is-layout-flex wp-block-buttons-is-layout-flex\">\n<div class=\"wp-block-button\"><a class=\"wp-block-button__link wp-element-button\" href=\"https:\/\/api.whatsapp.com\/send\/?phone=5561993961768&amp;text&amp;type=phone_number&amp;app_absent=0\">Marque sua consulta<\/a><\/div>\n<\/div>\n\n\n<ul class=\"wp-block-page-list\"><li class=\"wp-block-pages-list__item\"><a class=\"wp-block-pages-list__item__link\" href=\"http:\/\/clinpassos.com\/agende-sua-consulta\/convenios\/\">Atendemos por conv\u00eanios! Veja se o seu plano \u00e9 aceito<\/a><\/li><li class=\"wp-block-pages-list__item\"><a class=\"wp-block-pages-list__item__link\" href=\"http:\/\/clinpassos.com\/agende-sua-consulta\/blog\/\">Blog<\/a><\/li><li class=\"wp-block-pages-list__item\"><a class=\"wp-block-pages-list__item__link\" href=\"http:\/\/clinpassos.com\/agende-sua-consulta\/contact\/\">Contato<\/a><\/li><li class=\"wp-block-pages-list__item\"><a class=\"wp-block-pages-list__item__link\" href=\"http:\/\/clinpassos.com\/agende-sua-consulta\/cotacoes-de-cirurgias\/\">Cota\u00e7\u00f5es de cirurgias<\/a><\/li><li class=\"wp-block-pages-list__item menu-item-home\"><a class=\"wp-block-pages-list__item__link\" href=\"http:\/\/clinpassos.com\/agende-sua-consulta\/\">Fisiatra em Bras\u00edlia \u2013 Consulta para dor e reabilita\u00e7\u00e3o<\/a><\/li><li class=\"wp-block-pages-list__item\"><a class=\"wp-block-pages-list__item__link\" href=\"http:\/\/clinpassos.com\/agende-sua-consulta\/fisiatra-em-brasilia-consulta-para-fibromialgia-e-reabilitacao\/\">Fisiatra em Bras\u00edlia \u2013 Consulta para Fibromialgia<\/a><\/li><li class=\"wp-block-pages-list__item\"><a class=\"wp-block-pages-list__item__link\" href=\"http:\/\/clinpassos.com\/agende-sua-consulta\/fisiatria\/\">Fisiatria<\/a><\/li><li class=\"wp-block-pages-list__item\"><a class=\"wp-block-pages-list__item__link\" href=\"http:\/\/clinpassos.com\/agende-sua-consulta\/reabilitacao-apos-avc-em-brasilia\/\">Reabilita\u00e7\u00e3o ap\u00f3s AVC em Bras\u00edlia<\/a><\/li><li class=\"wp-block-pages-list__item\"><a class=\"wp-block-pages-list__item__link\" href=\"http:\/\/clinpassos.com\/agende-sua-consulta\/oncologia-funcional\/\">Recupere for\u00e7a e mobilidade ap\u00f3s o c\u00e2ncer com reabilita\u00e7\u00e3o funcional em Bras\u00edlia<\/a><\/li><li class=\"wp-block-pages-list__item\"><a class=\"wp-block-pages-list__item__link\" href=\"http:\/\/clinpassos.com\/agende-sua-consulta\/sobre\/\">Sobre<\/a><\/li><li class=\"wp-block-pages-list__item\"><a class=\"wp-block-pages-list__item__link\" href=\"http:\/\/clinpassos.com\/agende-sua-consulta\/espasticidade-toxina\/\">Tratamento de Espasticidade  em Bras\u00edlia<\/a><\/li><li class=\"wp-block-pages-list__item\"><a class=\"wp-block-pages-list__item__link\" href=\"http:\/\/clinpassos.com\/agende-sua-consulta\/dor-cronica-infiltracao\/\">Tratamento para dor cr\u00f4nica com infiltra\u00e7\u00f5es e bloqueios em Bras\u00edlia<\/a><\/li><li class=\"wp-block-pages-list__item\"><a class=\"wp-block-pages-list__item__link\" href=\"http:\/\/clinpassos.com\/agende-sua-consulta\/tratamento-coluna-brasilia\/\">Tratamento para Dor Lombar em Bras\u00edlia | Cl\u00ednica Passos<\/a><\/li><\/ul>","protected":false},"excerpt":{"rendered":"","protected":false},"author":1,"featured_media":0,"parent":0,"menu_order":0,"comment_status":"closed","ping_status":"closed","template":"","meta":{"neve_meta_sidebar":"","neve_meta_container":"","neve_meta_enable_content_width":"","neve_meta_content_width":0,"neve_meta_title_alignment":"","neve_meta_author_avatar":"","neve_post_elements_order":"","neve_meta_disable_header":"","neve_meta_disable_footer":"","neve_meta_disable_title":"","_joinchat":[],"footnotes":""},"class_list":["post-103","page","type-page","status-publish","hentry"],"yoast_head":"<!-- This site is optimized with the Yoast SEO plugin v23.0 - https:\/\/yoast.com\/wordpress\/plugins\/seo\/ -->\n<title>Fisiatria - Cl\u00ednica Passos<\/title>\n<meta name=\"robots\" content=\"index, follow, max-snippet:-1, max-image-preview:large, max-video-preview:-1\" \/>\n<link rel=\"canonical\" href=\"https:\/\/clinpassos.com\/agende-sua-consulta\/fisiatria\/\" \/>\n<meta property=\"og:locale\" content=\"pt_BR\" \/>\n<meta property=\"og:type\" content=\"article\" \/>\n<meta property=\"og:title\" content=\"Fisiatria - Cl\u00ednica Passos\" \/>\n<meta property=\"og:url\" content=\"https:\/\/clinpassos.com\/agende-sua-consulta\/fisiatria\/\" \/>\n<meta property=\"og:site_name\" content=\"Cl\u00ednica Passos\" \/>\n<meta property=\"article:modified_time\" content=\"2025-05-30T19:55:00+00:00\" \/>\n<meta name=\"twitter:card\" content=\"summary_large_image\" \/>\n<meta name=\"twitter:label1\" content=\"Est. tempo de leitura\" \/>\n\t<meta name=\"twitter:data1\" content=\"1 minuto\" \/>\n<!-- \/ Yoast SEO plugin. -->","yoast_head_json":{"title":"Fisiatria - Cl\u00ednica Passos","robots":{"index":"index","follow":"follow","max-snippet":"max-snippet:-1","max-image-preview":"max-image-preview:large","max-video-preview":"max-video-preview:-1"},"canonical":"https:\/\/clinpassos.com\/agende-sua-consulta\/fisiatria\/","og_locale":"pt_BR","og_type":"article","og_title":"Fisiatria - Cl\u00ednica Passos","og_url":"https:\/\/clinpassos.com\/agende-sua-consulta\/fisiatria\/","og_site_name":"Cl\u00ednica Passos","article_modified_time":"2025-05-30T19:55:00+00:00","twitter_card":"summary_large_image","twitter_misc":{"Est. tempo de leitura":"1 minuto"},"schema":{"@context":"https:\/\/schema.org","@graph":[{"@type":"WebPage","@id":"https:\/\/clinpassos.com\/agende-sua-consulta\/fisiatria\/","url":"https:\/\/clinpassos.com\/agende-sua-consulta\/fisiatria\/","name":"Fisiatria - Cl\u00ednica Passos","isPartOf":{"@id":"https:\/\/clinpassos.com\/agende-sua-consulta\/#website"},"datePublished":"2024-11-28T17:51:21+00:00","dateModified":"2025-05-30T19:55:00+00:00","breadcrumb":{"@id":"https:\/\/clinpassos.com\/agende-sua-consulta\/fisiatria\/#breadcrumb"},"inLanguage":"pt-BR","potentialAction":[{"@type":"ReadAction","target":["https:\/\/clinpassos.com\/agende-sua-consulta\/fisiatria\/"]}]},{"@type":"BreadcrumbList","@id":"https:\/\/clinpassos.com\/agende-sua-consulta\/fisiatria\/#breadcrumb","itemListElement":[{"@type":"ListItem","position":1,"name":"In\u00edcio","item":"http:\/\/clinpassos.com\/agende-sua-consulta\/"},{"@type":"ListItem","position":2,"name":"Fisiatria"}]},{"@type":"WebSite","@id":"https:\/\/clinpassos.com\/agende-sua-consulta\/#website","url":"https:\/\/clinpassos.com\/agende-sua-consulta\/","name":"Cl\u00ednica Passos","description":"Agende sua consulta com um Fisiatra","publisher":{"@id":"https:\/\/clinpassos.com\/agende-sua-consulta\/#organization"},"potentialAction":[{"@type":"SearchAction","target":{"@type":"EntryPoint","urlTemplate":"https:\/\/clinpassos.com\/agende-sua-consulta\/?s={search_term_string}"},"query-input":"required name=search_term_string"}],"inLanguage":"pt-BR"},{"@type":"Organization","@id":"https:\/\/clinpassos.com\/agende-sua-consulta\/#organization","name":"Cl\u00ednica Passos","url":"https:\/\/clinpassos.com\/agende-sua-consulta\/","logo":{"@type":"ImageObject","inLanguage":"pt-BR","@id":"https:\/\/clinpassos.com\/agende-sua-consulta\/#\/schema\/logo\/image\/","url":"http:\/\/clinpassos.com\/wp-content\/uploads\/2024\/07\/logo-agency-3.png","contentUrl":"http:\/\/clinpassos.com\/wp-content\/uploads\/2024\/07\/logo-agency-3.png","width":200,"height":200,"caption":"Cl\u00ednica Passos"},"image":{"@id":"https:\/\/clinpassos.com\/agende-sua-consulta\/#\/schema\/logo\/image\/"}}]}},"_links":{"self":[{"href":"http:\/\/clinpassos.com\/agende-sua-consulta\/wp-json\/wp\/v2\/pages\/103","targetHints":{"allow":["GET"]}}],"collection":[{"href":"http:\/\/clinpassos.com\/agende-sua-consulta\/wp-json\/wp\/v2\/pages"}],"about":[{"href":"http:\/\/clinpassos.com\/agende-sua-consulta\/wp-json\/wp\/v2\/types\/page"}],"author":[{"embeddable":true,"href":"http:\/\/clinpassos.com\/agende-sua-consulta\/wp-json\/wp\/v2\/users\/1"}],"replies":[{"embeddable":true,"href":"http:\/\/clinpassos.com\/agende-sua-consulta\/wp-json\/wp\/v2\/comments?post=103"}],"version-history":[{"count":2,"href":"http:\/\/clinpassos.com\/agende-sua-consulta\/wp-json\/wp\/v2\/pages\/103\/revisions"}],"predecessor-version":[{"id":254,"href":"http:\/\/clinpassos.com\/agende-sua-consulta\/wp-json\/wp\/v2\/pages\/103\/revisions\/254"}],"wp:attachment":[{"href":"http:\/\/clinpassos.com\/agende-sua-consulta\/wp-json\/wp\/v2\/media?parent=103"}],"curies":[{"name":"wp","href":"https:\/\/api.w.org\/{rel}","templated":true}]}}